{"id":283,"date":"2025-02-28T19:41:06","date_gmt":"2025-02-28T19:41:06","guid":{"rendered":"https:\/\/blupapsjourney.hr\/?page_id=283"},"modified":"2026-01-23T21:44:06","modified_gmt":"2026-01-23T21:44:06","slug":"o-nama","status":"publish","type":"page","link":"https:\/\/blupapsjourney.hr\/?page_id=283","title":{"rendered":"O nama"},"content":{"rendered":"\t\t<div data-elementor-type=\"wp-page\" data-elementor-id=\"283\" class=\"elementor elementor-283\">\n\t\t\t\t<div class=\"elementor-element elementor-element-9f1e074 e-flex e-con-boxed elementor-invisible e-con e-parent\" data-id=\"9f1e074\" data-element_type=\"container\" data-e-type=\"container\" data-settings=\"{&quot;background_background&quot;:&quot;classic&quot;,&quot;animation&quot;:&quot;fadeIn&quot;}\">\n\t\t\t\t\t<div class=\"e-con-inner\">\n\t\t\t\t<div class=\"elementor-element elementor-element-8fa515d elementor-widget elementor-widget-spacer\" data-id=\"8fa515d\" data-element_type=\"widget\" data-e-type=\"widget\" data-widget_type=\"spacer.default\">\n\t\t\t\t<div class=\"elementor-widget-container\">\n\t\t\t\t\t\t\t<div class=\"elementor-spacer\">\n\t\t\t<div class=\"elementor-spacer-inner\"><\/div>\n\t\t<\/div>\n\t\t\t\t\t\t<\/div>\n\t\t\t\t<\/div>\n\t\t\t\t<div class=\"elementor-element elementor-element-5aae3fb elementor-widget elementor-widget-heading\" data-id=\"5aae3fb\" data-element_type=\"widget\" data-e-type=\"widget\" data-widget_type=\"heading.default\">\n\t\t\t\t<div class=\"elementor-widget-container\">\n\t\t\t\t\t<h2 class=\"elementor-heading-title elementor-size-default\">O NAMA<\/h2>\t\t\t\t<\/div>\n\t\t\t\t<\/div>\n\t\t\t\t<div class=\"elementor-element elementor-element-fde6eb4 elementor-widget elementor-widget-spacer\" data-id=\"fde6eb4\" data-element_type=\"widget\" data-e-type=\"widget\" data-widget_type=\"spacer.default\">\n\t\t\t\t<div class=\"elementor-widget-container\">\n\t\t\t\t\t\t\t<div class=\"elementor-spacer\">\n\t\t\t<div class=\"elementor-spacer-inner\"><\/div>\n\t\t<\/div>\n\t\t\t\t\t\t<\/div>\n\t\t\t\t<\/div>\n\t\t\t\t\t<\/div>\n\t\t\t\t<\/div>\n\t\t<div class=\"elementor-element elementor-element-c65eddc e-flex e-con-boxed elementor-invisible e-con e-parent\" data-id=\"c65eddc\" data-element_type=\"container\" data-e-type=\"container\" data-settings=\"{&quot;background_background&quot;:&quot;classic&quot;,&quot;animation&quot;:&quot;fadeIn&quot;}\">\n\t\t\t\t\t<div class=\"e-con-inner\">\n\t\t\t\t<div class=\"elementor-element elementor-element-ff12d55 elementor-widget elementor-widget-spacer\" data-id=\"ff12d55\" data-element_type=\"widget\" data-e-type=\"widget\" data-widget_type=\"spacer.default\">\n\t\t\t\t<div class=\"elementor-widget-container\">\n\t\t\t\t\t\t\t<div class=\"elementor-spacer\">\n\t\t\t<div class=\"elementor-spacer-inner\"><\/div>\n\t\t<\/div>\n\t\t\t\t\t\t<\/div>\n\t\t\t\t<\/div>\n\t\t\t\t<div class=\"elementor-element elementor-element-7d0ed82 elementor-widget elementor-widget-text-editor\" data-id=\"7d0ed82\" data-element_type=\"widget\" data-e-type=\"widget\" data-widget_type=\"text-editor.default\">\n\t\t\t\t<div class=\"elementor-widget-container\">\n\t\t\t\t\t\t\t\t\t<div id=\"comp-lwr171k12\" class=\"HcOXKn c9GqVL QxJLC3 lq2cno YQcXTT comp-lwr171k12 wixui-rich-text\" data-testid=\"richTextElement\"><h2 class=\"font_2 wixui-rich-text__text\"><span class=\"wixui-rich-text__text\">Na\u0161a pri\u010da<\/span><\/h2><\/div><div id=\"comp-lwr171k25\" class=\"HcOXKn c9GqVL QxJLC3 lq2cno YQcXTT comp-lwr171k25 wixui-rich-text\" data-testid=\"richTextElement\"><p class=\"font_7 wixui-rich-text__text\"><span class=\"wixui-rich-text__text\">Blu Paps Journey je izdava\u010dka ku\u0107a koja je otvorila svoja vrata u velja\u010di 2021. godine. <\/span><span style=\"font-family: inherit; font-size: inherit; font-style: inherit; font-variant-ligatures: inherit; font-variant-caps: inherit; font-weight: inherit; background-color: var(--theme-palette-color-7); color: var(--theme-text-color); letter-spacing: var(--theme-letter-spacing); text-transform: var(--theme-text-transform);\">Glavna ideja Blu Paps Journeyja je spojiti pisanje, spiritualnost i knjige. <\/span><span style=\"font-family: inherit; font-size: inherit; font-style: inherit; font-variant-ligatures: inherit; font-variant-caps: inherit; font-weight: inherit; background-color: var(--theme-palette-color-7); color: var(--theme-text-color); letter-spacing: var(--theme-letter-spacing); text-transform: var(--theme-text-transform);\">Jer knjige su portali u nove dimenzije, a pisanjem stvaramo bolji svijet.<\/span><\/p><\/div>\t\t\t\t\t\t\t\t<\/div>\n\t\t\t\t<\/div>\n\t\t\t\t<div class=\"elementor-element elementor-element-7590c24 elementor-widget elementor-widget-spacer\" data-id=\"7590c24\" data-element_type=\"widget\" data-e-type=\"widget\" data-widget_type=\"spacer.default\">\n\t\t\t\t<div class=\"elementor-widget-container\">\n\t\t\t\t\t\t\t<div class=\"elementor-spacer\">\n\t\t\t<div class=\"elementor-spacer-inner\"><\/div>\n\t\t<\/div>\n\t\t\t\t\t\t<\/div>\n\t\t\t\t<\/div>\n\t\t\t\t\t<\/div>\n\t\t\t\t<\/div>\n\t\t<div class=\"elementor-element elementor-element-f06bece e-flex e-con-boxed elementor-invisible e-con e-parent\" data-id=\"f06bece\" data-element_type=\"container\" data-e-type=\"container\" data-settings=\"{&quot;background_background&quot;:&quot;classic&quot;,&quot;animation&quot;:&quot;fadeIn&quot;}\">\n\t\t\t\t\t<div class=\"e-con-inner\">\n\t\t\t\t<div class=\"elementor-element elementor-element-5293ac0 elementor-widget elementor-widget-spacer\" data-id=\"5293ac0\" data-element_type=\"widget\" data-e-type=\"widget\" data-widget_type=\"spacer.default\">\n\t\t\t\t<div class=\"elementor-widget-container\">\n\t\t\t\t\t\t\t<div class=\"elementor-spacer\">\n\t\t\t<div class=\"elementor-spacer-inner\"><\/div>\n\t\t<\/div>\n\t\t\t\t\t\t<\/div>\n\t\t\t\t<\/div>\n\t\t\t\t<div class=\"elementor-element elementor-element-b4fbec8 elementor-widget elementor-widget-text-editor\" data-id=\"b4fbec8\" data-element_type=\"widget\" data-e-type=\"widget\" data-widget_type=\"text-editor.default\">\n\t\t\t\t<div class=\"elementor-widget-container\">\n\t\t\t\t\t\t\t\t\t<div data-testid=\"richTextElement\"><div id=\"comp-lwr171kf\" class=\"HcOXKn c9GqVL QxJLC3 lq2cno YQcXTT comp-lwr171kf wixui-rich-text\" data-testid=\"richTextElement\"><h2 class=\"font_2 wixui-rich-text__text\"><span class=\"wixui-rich-text__text\">Misija<\/span><\/h2><\/div><div id=\"comp-lwr171kg\" class=\"HcOXKn c9GqVL QxJLC3 lq2cno YQcXTT comp-lwr171kg wixui-rich-text\" data-testid=\"richTextElement\"><p class=\"font_8 wixui-rich-text__text\"><span class=\"wixui-rich-text__text\">Misija je pomo\u0107i mladim piscima na njihovom stvarala\u010dkom putu. Ispri\u010dati dosada neispri\u010dane pri\u010de te upoznati svijet sa spiritualnosti i kreativnosti na jedan novi i pristupa\u010dan na\u010din kroz te\u010dajeve i coaching programe.<\/span><\/p><\/div><\/div>\t\t\t\t\t\t\t\t<\/div>\n\t\t\t\t<\/div>\n\t\t\t\t<div class=\"elementor-element elementor-element-0d06702 elementor-widget elementor-widget-spacer\" data-id=\"0d06702\" data-element_type=\"widget\" data-e-type=\"widget\" data-widget_type=\"spacer.default\">\n\t\t\t\t<div class=\"elementor-widget-container\">\n\t\t\t\t\t\t\t<div class=\"elementor-spacer\">\n\t\t\t<div class=\"elementor-spacer-inner\"><\/div>\n\t\t<\/div>\n\t\t\t\t\t\t<\/div>\n\t\t\t\t<\/div>\n\t\t\t\t\t<\/div>\n\t\t\t\t<\/div>\n\t\t<div class=\"elementor-element elementor-element-affc641 e-flex e-con-boxed elementor-invisible e-con e-parent\" data-id=\"affc641\" data-element_type=\"container\" data-e-type=\"container\" data-settings=\"{&quot;background_background&quot;:&quot;classic&quot;,&quot;animation&quot;:&quot;fadeIn&quot;}\">\n\t\t\t\t\t<div class=\"e-con-inner\">\n\t\t\t\t<div class=\"elementor-element elementor-element-3f554c7 elementor-widget elementor-widget-spacer\" data-id=\"3f554c7\" data-element_type=\"widget\" data-e-type=\"widget\" data-widget_type=\"spacer.default\">\n\t\t\t\t<div class=\"elementor-widget-container\">\n\t\t\t\t\t\t\t<div class=\"elementor-spacer\">\n\t\t\t<div class=\"elementor-spacer-inner\"><\/div>\n\t\t<\/div>\n\t\t\t\t\t\t<\/div>\n\t\t\t\t<\/div>\n\t\t\t\t<div class=\"elementor-element elementor-element-24a12b6 elementor-widget elementor-widget-text-editor\" data-id=\"24a12b6\" data-element_type=\"widget\" data-e-type=\"widget\" data-widget_type=\"text-editor.default\">\n\t\t\t\t<div class=\"elementor-widget-container\">\n\t\t\t\t\t\t\t\t\t<div data-testid=\"richTextElement\"><div id=\"comp-lwr171kf\" class=\"HcOXKn c9GqVL QxJLC3 lq2cno YQcXTT comp-lwr171kf wixui-rich-text\" data-testid=\"richTextElement\"><div id=\"comp-lwr171kr4\" class=\"HcOXKn c9GqVL QxJLC3 lq2cno YQcXTT comp-lwr171kr4 wixui-rich-text\" data-testid=\"richTextElement\"><h2 class=\"font_2 wixui-rich-text__text\"><span class=\"wixui-rich-text__text\">Vizija<\/span><\/h2><\/div><div id=\"comp-lwr171kt1\" class=\"HcOXKn c9GqVL QxJLC3 lq2cno YQcXTT comp-lwr171kt1 wixui-rich-text\" data-testid=\"richTextElement\"><p class=\"font_8 wixui-rich-text__text\"><span class=\"wixui-rich-text__text\">Vizija je kreirati zajednicu koja \u0107e korak po korak mijenjati svijet svojim rije\u010dima i energijom. Jer rije\u010di su sna\u017enije nego \u0161to mislimo i sve \u0161to zamislimo mo\u017ee se i ostvariti stoga kroz svoje knjige i te\u010dajeve \u017eelimo doprijeti do ljudi i time podignuti energiju i svijest planete.\u00a0<\/span><\/p><\/div><\/div><\/div>\t\t\t\t\t\t\t\t<\/div>\n\t\t\t\t<\/div>\n\t\t\t\t<div class=\"elementor-element elementor-element-2617023 elementor-widget elementor-widget-spacer\" data-id=\"2617023\" data-element_type=\"widget\" data-e-type=\"widget\" data-widget_type=\"spacer.default\">\n\t\t\t\t<div class=\"elementor-widget-container\">\n\t\t\t\t\t\t\t<div class=\"elementor-spacer\">\n\t\t\t<div class=\"elementor-spacer-inner\"><\/div>\n\t\t<\/div>\n\t\t\t\t\t\t<\/div>\n\t\t\t\t<\/div>\n\t\t\t\t\t<\/div>\n\t\t\t\t<\/div>\n\t\t<div class=\"elementor-element elementor-element-ae544a6 e-flex e-con-boxed elementor-invisible e-con e-parent\" data-id=\"ae544a6\" data-element_type=\"container\" data-e-type=\"container\" data-settings=\"{&quot;background_background&quot;:&quot;classic&quot;,&quot;animation&quot;:&quot;fadeIn&quot;}\">\n\t\t\t\t\t<div class=\"e-con-inner\">\n\t\t<div class=\"elementor-element elementor-element-6fb3b1c e-con-full e-flex e-con e-child\" data-id=\"6fb3b1c\" data-element_type=\"container\" data-e-type=\"container\">\n\t\t\t\t<div class=\"elementor-element elementor-element-1085467 elementor-widget elementor-widget-image\" data-id=\"1085467\" data-element_type=\"widget\" data-e-type=\"widget\" data-widget_type=\"image.default\">\n\t\t\t\t<div class=\"elementor-widget-container\">\n\t\t\t\t\t\t\t\t\t\t\t\t\t\t\t<img decoding=\"async\" src=\"https:\/\/blupapsjourney.hr\/wp-content\/uploads\/elementor\/thumbs\/photo_2025-03-27_22-22-06-2-r3l1j98k742mi6eiw2labyo1hc82l4emyfi34k4yuo.jpg\" title=\"photo_2025-03-27_22-22-06 (2)\" alt=\"photo_2025-03-27_22-22-06 (2)\" loading=\"lazy\" \/>\t\t\t\t\t\t\t\t\t\t\t\t\t\t\t<\/div>\n\t\t\t\t<\/div>\n\t\t\t\t<div class=\"elementor-element elementor-element-803704c elementor-widget elementor-widget-text-editor\" data-id=\"803704c\" data-element_type=\"widget\" data-e-type=\"widget\" data-widget_type=\"text-editor.default\">\n\t\t\t\t<div class=\"elementor-widget-container\">\n\t\t\t\t\t\t\t\t\t<div id=\"bgLayers_comp-lwtrsbaw5__item1\" class=\"MW5IWV\" data-hook=\"bgLayers\" data-motion-part=\"BG_LAYER comp-lwtrsbaw5__item1\"><div id=\"bgMedia_comp-lwtrsbaw5__item1\" class=\"VgO9Yg\" data-motion-part=\"BG_MEDIA comp-lwtrsbaw5__item1\">Autorica<\/div><div class=\"VgO9Yg\" data-motion-part=\"BG_MEDIA comp-lwtrsbaw5__item1\">Ela Kai\u0107<\/div><\/div><div class=\"\" data-mesh-id=\"comp-lwtrsbaw5__item1inlineContent\" data-testid=\"inline-content\"><div data-mesh-id=\"comp-lwtrsbaw5__item1inlineContent-gridContainer\" data-testid=\"mesh-container-content\"><div id=\"comp-lwtrsbb21__item1\" class=\"HcOXKn c9GqVL QxJLC3 lq2cno YQcXTT comp-lwtrsbb21 wixui-rich-text\" data-testid=\"richTextElement\"><p>\u00a0<\/p><p class=\"font_8 wixui-rich-text__text\"><span class=\"wixui-rich-text__text\">Ela Kai\u0107 je mlada autorica koja je uspje\u0161no objavila 7 knjiga. Njezin spisateljski put je po\u010deo ve\u0107 2011. godine kada je zapo\u010dela pisati svoju prvu knjigu. No, tek je 10 godina kasnije, 2021. godine, objavila svoju prvu trilogiju pod nazivom &#8220;HOTEL VITA&#8221;. Kasnije je objavila roman &#8220;UVIJEK I ZAUVIJEK&#8221; koji jo\u0161 uvijek nije dobio nastavak te tri zbirke kratkih pri\u010da pod nazivom &#8220;ZA TEBE&#8221;.\u00a0<\/span><\/p><p class=\"font_8 wixui-rich-text__text\"><span class=\"wixui-rich-text__text\">Trenutno je u procesu pisanja dva nova romana koji bi trebali ubrzo trebali ugledati svijetlo dana.<\/span><span class=\"wixui-rich-text__text\">\u00a0<\/span><\/p><\/div><\/div><\/div>\t\t\t\t\t\t\t\t<\/div>\n\t\t\t\t<\/div>\n\t\t\t\t<\/div>\n\t\t<div class=\"elementor-element elementor-element-4db2211 e-con-full e-flex elementor-invisible e-con e-child\" data-id=\"4db2211\" data-element_type=\"container\" data-e-type=\"container\" data-settings=\"{&quot;animation&quot;:&quot;fadeIn&quot;}\">\n\t\t\t\t<div class=\"elementor-element elementor-element-ed0e8bb elementor-widget elementor-widget-image\" data-id=\"ed0e8bb\" data-element_type=\"widget\" data-e-type=\"widget\" data-widget_type=\"image.default\">\n\t\t\t\t<div class=\"elementor-widget-container\">\n\t\t\t\t\t\t\t\t\t\t\t\t\t\t\t<img decoding=\"async\" src=\"https:\/\/blupapsjourney.hr\/wp-content\/uploads\/elementor\/thumbs\/photo_2025-03-27_22-22-06-r3l1jimy3gfhqa0vd6nk0wanf6xqq3fybq0xxbr14g.jpg\" title=\"photo_2025-03-27_22-22-06\" alt=\"photo_2025-03-27_22-22-06\" loading=\"lazy\" \/>\t\t\t\t\t\t\t\t\t\t\t\t\t\t\t<\/div>\n\t\t\t\t<\/div>\n\t\t\t\t<div class=\"elementor-element elementor-element-65121be elementor-widget elementor-widget-text-editor\" data-id=\"65121be\" data-element_type=\"widget\" data-e-type=\"widget\" data-widget_type=\"text-editor.default\">\n\t\t\t\t<div class=\"elementor-widget-container\">\n\t\t\t\t\t\t\t\t\t<div id=\"bgLayers_comp-lwtrsbaw5__item1\" class=\"MW5IWV\" data-hook=\"bgLayers\" data-motion-part=\"BG_LAYER comp-lwtrsbaw5__item1\"><div id=\"bgMedia_comp-lwtrsbaw5__item1\" class=\"VgO9Yg\" data-motion-part=\"BG_MEDIA comp-lwtrsbaw5__item1\"><div id=\"bgLayers_comp-lwtrsbaw5__item-kel2ntrs\" class=\"MW5IWV\" data-hook=\"bgLayers\" data-motion-part=\"BG_LAYER comp-lwtrsbaw5__item-kel2ntrs\"><div id=\"bgMedia_comp-lwtrsbaw5__item-kel2ntrs\" class=\"VgO9Yg\" data-motion-part=\"BG_MEDIA comp-lwtrsbaw5__item-kel2ntrs\">Kreativni direktor<\/div><div class=\"VgO9Yg\" data-motion-part=\"BG_MEDIA comp-lwtrsbaw5__item-kel2ntrs\">Gabrijela Papa<\/div><\/div><div class=\"\" data-mesh-id=\"comp-lwtrsbaw5__item-kel2ntrsinlineContent\" data-testid=\"inline-content\"><div data-mesh-id=\"comp-lwtrsbaw5__item-kel2ntrsinlineContent-gridContainer\" data-testid=\"mesh-container-content\"><div id=\"comp-lwtrsbb21__item-kel2ntrs\" class=\"HcOXKn c9GqVL QxJLC3 lq2cno YQcXTT comp-lwtrsbb21 wixui-rich-text\" data-testid=\"richTextElement\"><p class=\"font_8 wixui-rich-text__text\"><span class=\"wixui-rich-text__text\">Gabrijela Papa je magistra ekonomije koja je svoje strasti odlu\u010dila ukomponirati u jedan odr\u017eivi na\u010din \u017eivota i tada se rodila ideja za posao i otvaranje poduze\u0107a &#8220;BLU PAPS JOURNEY&#8221;. Osim strasti prema pisanju i knjigama, Gabrijela gaji strast prema spiritualnosti, turizmu i projektnom menad\u017ementu \u010dime se tijekom godina studija detaljno posvetila i stvorila je nekoliko projekata koji \u010dekaju trenutak kada \u0107e ugledati svijetlo dana.<\/span><\/p><\/div><\/div><\/div><\/div><\/div>\t\t\t\t\t\t\t\t<\/div>\n\t\t\t\t<\/div>\n\t\t\t\t<\/div>\n\t\t\t\t\t<\/div>\n\t\t\t\t<\/div>\n\t\t\t\t<\/div>\n\t\t","protected":false},"excerpt":{"rendered":"<p>O NAMA Na\u0161a pri\u010da Blu Paps Journey je izdava\u010dka ku\u0107a koja je otvorila svoja vrata u velja\u010di 2021. godine. Glavna ideja Blu Paps Journeyja je spojiti pisanje, spiritualnost i knjige. Jer knjige su portali u nove dimenzije, a pisanjem stvaramo bolji svijet. Misija Misija je pomo\u0107i mladim piscima na njihovom stvarala\u010dkom putu. Ispri\u010dati dosada neispri\u010dane [&hellip;]<\/p>\n","protected":false},"author":1,"featured_media":0,"parent":0,"menu_order":0,"comment_status":"closed","ping_status":"closed","template":"","meta":{"footnotes":""},"class_list":["post-283","page","type-page","status-publish","hentry"],"blocksy_meta":[],"_links":{"self":[{"href":"https:\/\/blupapsjourney.hr\/index.php?rest_route=\/wp\/v2\/pages\/283","targetHints":{"allow":["GET"]}}],"collection":[{"href":"https:\/\/blupapsjourney.hr\/index.php?rest_route=\/wp\/v2\/pages"}],"about":[{"href":"https:\/\/blupapsjourney.hr\/index.php?rest_route=\/wp\/v2\/types\/page"}],"author":[{"embeddable":true,"href":"https:\/\/blupapsjourney.hr\/index.php?rest_route=\/wp\/v2\/users\/1"}],"replies":[{"embeddable":true,"href":"https:\/\/blupapsjourney.hr\/index.php?rest_route=%2Fwp%2Fv2%2Fcomments&post=283"}],"version-history":[{"count":19,"href":"https:\/\/blupapsjourney.hr\/index.php?rest_route=\/wp\/v2\/pages\/283\/revisions"}],"predecessor-version":[{"id":711,"href":"https:\/\/blupapsjourney.hr\/index.php?rest_route=\/wp\/v2\/pages\/283\/revisions\/711"}],"wp:attachment":[{"href":"https:\/\/blupapsjourney.hr\/index.php?rest_route=%2Fwp%2Fv2%2Fmedia&parent=283"}],"curies":[{"name":"wp","href":"https:\/\/api.w.org\/{rel}","templated":true}]}}