{"id":9,"date":"2025-01-29T13:33:04","date_gmt":"2025-01-29T13:33:04","guid":{"rendered":"https:\/\/blupapsjourney.hr\/index.php\/cart\/"},"modified":"2025-03-07T20:32:37","modified_gmt":"2025-03-07T20:32:37","slug":"cart","status":"publish","type":"page","link":"https:\/\/blupapsjourney.hr\/?page_id=9","title":{"rendered":"Cart"},"content":{"rendered":"\n<div data-block-name=\"woocommerce\/cart\" class=\"wp-block-woocommerce-cart alignwide is-loading\">\n<div data-block-name=\"woocommerce\/filled-cart-block\" class=\"wp-block-woocommerce-filled-cart-block\">\n<div data-block-name=\"woocommerce\/cart-items-block\" class=\"wp-block-woocommerce-cart-items-block\">\n<div data-block-name=\"woocommerce\/cart-line-items-block\" class=\"wp-block-woocommerce-cart-line-items-block\"><\/div>\n\n\n\n<div data-block-name=\"woocommerce\/cart-cross-sells-block\" class=\"wp-block-woocommerce-cart-cross-sells-block\">\n<h2 class=\"wp-block-heading has-large-font-size\">You may be interested in\u2026<\/h2>\n\n\n\n<div data-block-name=\"woocommerce\/cart-cross-sells-products-block\" class=\"wp-block-woocommerce-cart-cross-sells-products-block\"><\/div>\n<\/div>\n<\/div>\n\n\n\n<div data-block-name=\"woocommerce\/cart-totals-block\" class=\"wp-block-woocommerce-cart-totals-block\">\n<div data-block-name=\"woocommerce\/cart-order-summary-block\" class=\"wp-block-woocommerce-cart-order-summary-block\">\n<div data-block-name=\"woocommerce\/cart-order-summary-heading-block\" class=\"wp-block-woocommerce-cart-order-summary-heading-block\"><\/div><div data-block-name=\"woocommerce\/cart-order-summary-coupon-form-block\" class=\"wp-block-woocommerce-cart-order-summary-coupon-form-block\"><\/div><div data-block-name=\"woocommerce\/cart-order-summary-totals-block\" class=\"wp-block-woocommerce-cart-order-summary-totals-block\">\n<div data-block-name=\"woocommerce\/cart-order-summary-subtotal-block\" class=\"wp-block-woocommerce-cart-order-summary-subtotal-block\"><\/div>\n<div data-block-name=\"woocommerce\/cart-order-summary-discount-block\" class=\"wp-block-woocommerce-cart-order-summary-discount-block\"><\/div>\n<div data-block-name=\"woocommerce\/cart-order-summary-fee-block\" class=\"wp-block-woocommerce-cart-order-summary-fee-block\"><\/div>\n<div data-block-name=\"woocommerce\/cart-order-summary-shipping-block\" class=\"wp-block-woocommerce-cart-order-summary-shipping-block\"><\/div>\n<div data-block-name=\"woocommerce\/cart-order-summary-taxes-block\" class=\"wp-block-woocommerce-cart-order-summary-taxes-block\"><\/div><\/div>\n<\/div>\n\n\n\n<div data-block-name=\"woocommerce\/cart-express-payment-block\" class=\"wp-block-woocommerce-cart-express-payment-block\"><\/div>\n\n\n\n<div data-block-name=\"woocommerce\/proceed-to-checkout-block\" class=\"wp-block-woocommerce-proceed-to-checkout-block\"><\/div>\n\n\n\n<div data-block-name=\"woocommerce\/cart-accepted-payment-methods-block\" class=\"wp-block-woocommerce-cart-accepted-payment-methods-block\"><\/div>\n<\/div>\n<\/div>\n\n\n\n<div data-block-name=\"woocommerce\/empty-cart-block\" class=\"wp-block-woocommerce-empty-cart-block\">\n<h2 class=\"wp-block-heading has-text-align-center with-empty-cart-icon wc-block-cart__empty-cart__title\">Your cart is currently empty!<\/h2>\n\n\n\n<hr class=\"wp-block-separator has-alpha-channel-opacity is-style-dots\"\/>\n\n\n\n<h2 class=\"wp-block-heading has-text-align-center\">New in store<\/h2>\n\n\n<div data-block-name=\"woocommerce\/product-new\" data-columns=\"4\" data-rows=\"1\" class=\"wc-block-grid wp-block-product-new wp-block-woocommerce-product-new wc-block-product-new has-4-columns\"><ul class=\"wc-block-grid__products\"><li class=\"wc-block-grid__product\">\n\t\t\t\t<a href=\"https:\/\/blupapsjourney.hr\/?product=vatreni-bozic-melissa-anic-david-bernetic-ela-kaic-suzana-krcmarek\" class=\"wc-block-grid__product-link\">\n\t\t\t\t\t\n\t\t\t\t\t<div class=\"wc-block-grid__product-image\"><img fetchpriority=\"high\" decoding=\"async\" width=\"300\" height=\"300\" src=\"https:\/\/blupapsjourney.hr\/wp-content\/uploads\/2026\/02\/vatreni-bozic-korice-300x300.jpg\" class=\"attachment-woocommerce_thumbnail size-woocommerce_thumbnail\" alt=\"Vatreni Bo\u017ei\u0107 - Melissa Ani\u0107, David Berneti\u0107, Ela Kai\u0107, Suzana Kr\u010dmarek\" srcset=\"https:\/\/blupapsjourney.hr\/wp-content\/uploads\/2026\/02\/vatreni-bozic-korice-300x300.jpg 300w, https:\/\/blupapsjourney.hr\/wp-content\/uploads\/2026\/02\/vatreni-bozic-korice-150x150.jpg 150w, https:\/\/blupapsjourney.hr\/wp-content\/uploads\/2026\/02\/vatreni-bozic-korice-100x100.jpg 100w\" sizes=\"(max-width: 300px) 100vw, 300px\" \/><\/div>\n\t\t\t\t\t<div class=\"wc-block-grid__product-title\">Vatreni Bo\u017ei\u0107 &#8211; Melissa Ani\u0107, David Berneti\u0107, Ela Kai\u0107, Suzana Kr\u010dmarek<\/div>\n\t\t\t\t<\/a>\n\t\t\t\t<div class=\"wc-block-grid__product-price price\"><span class=\"woocommerce-Price-amount amount\">20,00&nbsp;<span class=\"woocommerce-Price-currencySymbol\">&euro;<\/span><\/span> <small class=\"woocommerce-price-suffix\">uklju\u010d. PDV<\/small><\/div>\n\t\t\t\t\n\t\t\t\t<div class=\"wp-block-button wc-block-grid__product-add-to-cart\"><a href=\"\/index.php?rest_route=%2Fwp%2Fv2%2Fpages%2F9&#038;add-to-cart=722\" aria-label=\"Dodaj u ko\u0161aricu: &quot;Vatreni Bo\u017ei\u0107 - Melissa Ani\u0107, David Berneti\u0107, Ela Kai\u0107, Suzana Kr\u010dmarek&quot;\" data-quantity=\"1\" data-product_id=\"722\" data-product_sku=\"\" data-price=\"20\" rel=\"nofollow\" class=\"wp-block-button__link  add_to_cart_button ajax_add_to_cart\">Dodaj u ko\u0161aricu<\/a><\/div>\n\t\t\t<\/li><li class=\"wc-block-grid__product\">\n\t\t\t\t<a href=\"https:\/\/blupapsjourney.hr\/?product=rebecca-ela-kaic\" class=\"wc-block-grid__product-link\">\n\t\t\t\t\t\n\t\t\t\t\t<div class=\"wc-block-grid__product-image\"><img decoding=\"async\" width=\"300\" height=\"300\" src=\"https:\/\/blupapsjourney.hr\/wp-content\/uploads\/2026\/02\/Rebecca-korice-300x300.jpg\" class=\"attachment-woocommerce_thumbnail size-woocommerce_thumbnail\" alt=\"Rebecca - Ela Kai\u0107\" srcset=\"https:\/\/blupapsjourney.hr\/wp-content\/uploads\/2026\/02\/Rebecca-korice-300x300.jpg 300w, https:\/\/blupapsjourney.hr\/wp-content\/uploads\/2026\/02\/Rebecca-korice-150x150.jpg 150w, https:\/\/blupapsjourney.hr\/wp-content\/uploads\/2026\/02\/Rebecca-korice-100x100.jpg 100w\" sizes=\"(max-width: 300px) 100vw, 300px\" \/><\/div>\n\t\t\t\t\t<div class=\"wc-block-grid__product-title\">Rebecca &#8211; Ela Kai\u0107<\/div>\n\t\t\t\t<\/a>\n\t\t\t\t<div class=\"wc-block-grid__product-price price\"><span class=\"woocommerce-Price-amount amount\">20,00&nbsp;<span class=\"woocommerce-Price-currencySymbol\">&euro;<\/span><\/span> <small class=\"woocommerce-price-suffix\">uklju\u010d. PDV<\/small><\/div>\n\t\t\t\t\n\t\t\t\t<div class=\"wp-block-button wc-block-grid__product-add-to-cart\"><a href=\"\/index.php?rest_route=%2Fwp%2Fv2%2Fpages%2F9&#038;add-to-cart=720\" aria-label=\"Dodaj u ko\u0161aricu: &quot;Rebecca - Ela Kai\u0107&quot;\" data-quantity=\"1\" data-product_id=\"720\" data-product_sku=\"\" data-price=\"20\" rel=\"nofollow\" class=\"wp-block-button__link  add_to_cart_button ajax_add_to_cart\">Dodaj u ko\u0161aricu<\/a><\/div>\n\t\t\t<\/li><li class=\"wc-block-grid__product\">\n\t\t\t\t<a href=\"https:\/\/blupapsjourney.hr\/?product=43-sekunde-ela-kaic\" class=\"wc-block-grid__product-link\">\n\t\t\t\t\t\n\t\t\t\t\t<div class=\"wc-block-grid__product-image\"><img decoding=\"async\" width=\"300\" height=\"300\" src=\"https:\/\/blupapsjourney.hr\/wp-content\/uploads\/2026\/02\/KORICE-43S-300x300.jpg\" class=\"attachment-woocommerce_thumbnail size-woocommerce_thumbnail\" alt=\"43 sekunde - Ela Kai\u0107\" srcset=\"https:\/\/blupapsjourney.hr\/wp-content\/uploads\/2026\/02\/KORICE-43S-300x300.jpg 300w, https:\/\/blupapsjourney.hr\/wp-content\/uploads\/2026\/02\/KORICE-43S-150x150.jpg 150w, https:\/\/blupapsjourney.hr\/wp-content\/uploads\/2026\/02\/KORICE-43S-100x100.jpg 100w\" sizes=\"(max-width: 300px) 100vw, 300px\" \/><\/div>\n\t\t\t\t\t<div class=\"wc-block-grid__product-title\">43 sekunde &#8211; Ela Kai\u0107<\/div>\n\t\t\t\t<\/a>\n\t\t\t\t<div class=\"wc-block-grid__product-price price\"><span class=\"woocommerce-Price-amount amount\">20,00&nbsp;<span class=\"woocommerce-Price-currencySymbol\">&euro;<\/span><\/span> <small class=\"woocommerce-price-suffix\">uklju\u010d. PDV<\/small><\/div>\n\t\t\t\t\n\t\t\t\t<div class=\"wp-block-button wc-block-grid__product-add-to-cart\"><a href=\"\/index.php?rest_route=%2Fwp%2Fv2%2Fpages%2F9&#038;add-to-cart=717\" aria-label=\"Dodaj u ko\u0161aricu: &quot;43 sekunde - Ela Kai\u0107&quot;\" data-quantity=\"1\" data-product_id=\"717\" data-product_sku=\"\" data-price=\"20\" rel=\"nofollow\" class=\"wp-block-button__link  add_to_cart_button ajax_add_to_cart\">Dodaj u ko\u0161aricu<\/a><\/div>\n\t\t\t<\/li><li class=\"wc-block-grid__product\">\n\t\t\t\t<a href=\"https:\/\/blupapsjourney.hr\/?product=platinum-potpuna-mentorska-pratnja\" class=\"wc-block-grid__product-link\">\n\t\t\t\t\t\n\t\t\t\t\t<div class=\"wc-block-grid__product-image\"><img loading=\"lazy\" decoding=\"async\" width=\"300\" height=\"300\" src=\"https:\/\/blupapsjourney.hr\/wp-content\/uploads\/woocommerce-placeholder-300x300.png\" class=\"woocommerce-placeholder wp-post-image\" alt=\"\" srcset=\"https:\/\/blupapsjourney.hr\/wp-content\/uploads\/woocommerce-placeholder-300x300.png 300w, https:\/\/blupapsjourney.hr\/wp-content\/uploads\/woocommerce-placeholder-100x100.png 100w, https:\/\/blupapsjourney.hr\/wp-content\/uploads\/woocommerce-placeholder-600x600.png 600w, https:\/\/blupapsjourney.hr\/wp-content\/uploads\/woocommerce-placeholder-500x500.png 500w, https:\/\/blupapsjourney.hr\/wp-content\/uploads\/woocommerce-placeholder-1024x1024.png 1024w, https:\/\/blupapsjourney.hr\/wp-content\/uploads\/woocommerce-placeholder-150x150.png 150w, https:\/\/blupapsjourney.hr\/wp-content\/uploads\/woocommerce-placeholder-768x768.png 768w, https:\/\/blupapsjourney.hr\/wp-content\/uploads\/woocommerce-placeholder.png 1200w\" sizes=\"(max-width: 300px) 100vw, 300px\" \/><\/div>\n\t\t\t\t\t<div class=\"wc-block-grid__product-title\">PLATINUM \u2013 Potpuna mentorska pratnja<\/div>\n\t\t\t\t<\/a>\n\t\t\t\t<div class=\"wc-block-grid__product-price price\"><span class=\"woocommerce-Price-amount amount\" aria-hidden=\"true\">150,00&nbsp;<span class=\"woocommerce-Price-currencySymbol\">&euro;<\/span><\/span> <span aria-hidden=\"true\">\u2013<\/span> <span class=\"woocommerce-Price-amount amount\" aria-hidden=\"true\">1.200,00&nbsp;<span class=\"woocommerce-Price-currencySymbol\">&euro;<\/span><\/span><span class=\"screen-reader-text\">Raspon cijena: od 150,00&nbsp;&euro; do 1.200,00&nbsp;&euro;<\/span> <small class=\"woocommerce-price-suffix\">uklju\u010d. PDV<\/small><\/div>\n\t\t\t\t\n\t\t\t\t<div class=\"wp-block-button wc-block-grid__product-add-to-cart\"><a href=\"https:\/\/blupapsjourney.hr\/?product=platinum-potpuna-mentorska-pratnja\" aria-label=\"Odaberi opcije za &ldquo;PLATINUM \u2013 Potpuna mentorska pratnja&rdquo;\" data-quantity=\"1\" data-product_id=\"611\" data-product_sku=\"\" data-price=\"150\" rel=\"nofollow\" class=\"wp-block-button__link  add_to_cart_button\">Odaberi opcije<\/a><\/div>\n\t\t\t<\/li><\/ul><\/div><\/div>\n<\/div>\n","protected":false},"excerpt":{"rendered":"","protected":false},"author":1,"featured_media":0,"parent":0,"menu_order":0,"comment_status":"closed","ping_status":"closed","template":"","meta":{"footnotes":""},"class_list":["post-9","page","type-page","status-publish","hentry"],"blocksy_meta":[],"_links":{"self":[{"href":"https:\/\/blupapsjourney.hr\/index.php?rest_route=\/wp\/v2\/pages\/9","targetHints":{"allow":["GET"]}}],"collection":[{"href":"https:\/\/blupapsjourney.hr\/index.php?rest_route=\/wp\/v2\/pages"}],"about":[{"href":"https:\/\/blupapsjourney.hr\/index.php?rest_route=\/wp\/v2\/types\/page"}],"author":[{"embeddable":true,"href":"https:\/\/blupapsjourney.hr\/index.php?rest_route=\/wp\/v2\/users\/1"}],"replies":[{"embeddable":true,"href":"https:\/\/blupapsjourney.hr\/index.php?rest_route=%2Fwp%2Fv2%2Fcomments&post=9"}],"version-history":[{"count":1,"href":"https:\/\/blupapsjourney.hr\/index.php?rest_route=\/wp\/v2\/pages\/9\/revisions"}],"predecessor-version":[{"id":13,"href":"https:\/\/blupapsjourney.hr\/index.php?rest_route=\/wp\/v2\/pages\/9\/revisions\/13"}],"wp:attachment":[{"href":"https:\/\/blupapsjourney.hr\/index.php?rest_route=%2Fwp%2Fv2%2Fmedia&parent=9"}],"curies":[{"name":"wp","href":"https:\/\/api.w.org\/{rel}","templated":true}]}}