{"id":103,"date":"2025-02-07T16:43:39","date_gmt":"2025-02-07T16:43:39","guid":{"rendered":"https:\/\/blupapsjourney.hr\/?post_type=product&#038;p=103"},"modified":"2025-03-15T12:20:17","modified_gmt":"2025-03-15T12:20:17","slug":"hotel-vita-bijeg","status":"publish","type":"product","link":"https:\/\/blupapsjourney.hr\/?product=hotel-vita-bijeg","title":{"rendered":"HOTEL VITA: BIJEG"},"content":{"rendered":"<div id=\"bgLayers_comp-lwurx11y5__item-kes9aktt\" class=\"MW5IWV\" data-hook=\"bgLayers\" data-motion-part=\"BG_LAYER comp-lwurx11y5__item-kes9aktt\">\n<div id=\"bgMedia_comp-lwurx11y5__item-kes9aktt\" class=\"VgO9Yg\" data-motion-part=\"BG_MEDIA comp-lwurx11y5__item-kes9aktt\">Nakon \u0161to Siena saznaje dugo \u010duvanu tajnu njezinih roditelja za svoj 18. ro\u0111endan bje\u017ei iz hotela Vita, gdje je trebala slaviti svoj ro\u0111endan i odlazi u Postiano. U bijegu su joj se pridru\u017eili i njezini ro\u0111aci, ali i pokoji slijepi putnik. Kako \u0107e zavr\u0161iti to putovanje? Ho\u0107e li se svi sretno vratiti u hotel Vita?<\/div>\n<\/div>\n<div class=\"\" data-mesh-id=\"comp-lwurx11y5__item-kes9akttinlineContent\" data-testid=\"inline-content\">\n<div data-mesh-id=\"comp-lwurx11y5__item-kes9akttinlineContent-gridContainer\" data-testid=\"mesh-container-content\">\n<div id=\"comp-lwurx1261__item-kes9aktt\" class=\"HcOXKn c9GqVL QxJLC3 lq2cno YQcXTT comp-lwurx1261 wixui-rich-text\" data-testid=\"richTextElement\">\n<p class=\"font_8 wixui-rich-text__text\"><span class=\"wixui-rich-text__text\">Ho\u0107e li hotel Vita ovoga puta biti hotel ljubavi ili \u0107e se obitelj biti zauvijek slomljena?<\/span><\/p>\n<\/div>\n<\/div>\n<\/div>\n","protected":false},"excerpt":{"rendered":"<p>Nakon \u0161to Siena saznaje dugo \u010duvanu tajnu njezinih roditelja za svoj 18. ro\u0111endan bje\u017ei iz hotela Vita, gdje je trebala slaviti svoj ro\u0111endan i odlazi u Postiano. U bijegu su joj se pridru\u017eili i njezini ro\u0111aci, ali i pokoji slijepi putnik. Kako \u0107e zavr\u0161iti to putovanje? Ho\u0107e li se svi sretno vratiti u hotel Vita? [&hellip;]<\/p>\n","protected":false},"featured_media":104,"comment_status":"open","ping_status":"closed","template":"","meta":[],"product_brand":[],"product_cat":[21,28],"product_tag":[],"class_list":{"0":"post-103","1":"product","2":"type-product","3":"status-publish","4":"has-post-thumbnail","6":"product_cat-pdf-knjige","7":"product_cat-sve-knjige","9":"first","10":"instock","11":"virtual","12":"taxable","13":"purchasable","14":"product-type-simple"},"_links":{"self":[{"href":"https:\/\/blupapsjourney.hr\/index.php?rest_route=\/wp\/v2\/product\/103","targetHints":{"allow":["GET"]}}],"collection":[{"href":"https:\/\/blupapsjourney.hr\/index.php?rest_route=\/wp\/v2\/product"}],"about":[{"href":"https:\/\/blupapsjourney.hr\/index.php?rest_route=\/wp\/v2\/types\/product"}],"replies":[{"embeddable":true,"href":"https:\/\/blupapsjourney.hr\/index.php?rest_route=%2Fwp%2Fv2%2Fcomments&post=103"}],"wp:featuredmedia":[{"embeddable":true,"href":"https:\/\/blupapsjourney.hr\/index.php?rest_route=\/wp\/v2\/media\/104"}],"wp:attachment":[{"href":"https:\/\/blupapsjourney.hr\/index.php?rest_route=%2Fwp%2Fv2%2Fmedia&parent=103"}],"wp:term":[{"taxonomy":"product_brand","embeddable":true,"href":"https:\/\/blupapsjourney.hr\/index.php?rest_route=%2Fwp%2Fv2%2Fproduct_brand&post=103"},{"taxonomy":"product_cat","embeddable":true,"href":"https:\/\/blupapsjourney.hr\/index.php?rest_route=%2Fwp%2Fv2%2Fproduct_cat&post=103"},{"taxonomy":"product_tag","embeddable":true,"href":"https:\/\/blupapsjourney.hr\/index.php?rest_route=%2Fwp%2Fv2%2Fproduct_tag&post=103"}],"curies":[{"name":"wp","href":"https:\/\/api.w.org\/{rel}","templated":true}]}}