{"id":221,"date":"2025-02-28T18:34:05","date_gmt":"2025-02-28T18:34:05","guid":{"rendered":"https:\/\/blupapsjourney.hr\/?post_type=product&#038;p=221"},"modified":"2025-03-15T12:19:42","modified_gmt":"2025-03-15T12:19:42","slug":"ponovo-pisem","status":"publish","type":"product","link":"https:\/\/blupapsjourney.hr\/?product=ponovo-pisem","title":{"rendered":"PONOVO PI\u0160EM"},"content":{"rendered":"<div id=\"bgLayers_comp-lwurx11y5__item-kes9anjb\" class=\"MW5IWV\" data-hook=\"bgLayers\" data-motion-part=\"BG_LAYER comp-lwurx11y5__item-kes9anjb\">\n<div id=\"bgMedia_comp-lwurx11y5__item-kes9anjb\" class=\"VgO9Yg\" data-motion-part=\"BG_MEDIA comp-lwurx11y5__item-kes9anjb\">Drugi nastavak zbirke Za tebe. Zbirka koja opisuje bol, tugu, nedostajanje. Zbirka koja pokazuje da \u010dak i onda kada zbilja \u017eelimo odustati od TE ljubavi jer znamo da nam donosi samo bol, mi to ne mo\u017eemo. Jer ljubav nisu samo osje\u0107aji, to nisu samo rije\u010di, pokreti, trenutci, radnje. Ljubav je vi\u0161e od nas samih. To je ljubav koja nas dovodi do ludila. To je ljubav koja nam osim ogromne sre\u0107e donosi i ogromnu bol. Ponekad je ta bol prejaka i zbilja ponekad samo \u017eelimo da sve prestane, no to nije mogu\u0107e. Jer kada jednom upoznamo takvu ljubav, mo\u017eemo se naviknuti i na takvu bol. O takvoj ljubavi pri\u010daju ove kratke pri\u010de.<\/div>\n<\/div>\n","protected":false},"excerpt":{"rendered":"<p>Drugi nastavak zbirke Za tebe. Zbirka koja opisuje bol, tugu, nedostajanje. Zbirka koja pokazuje da \u010dak i onda kada zbilja \u017eelimo odustati od TE ljubavi jer znamo da nam donosi samo bol, mi to ne mo\u017eemo. Jer ljubav nisu samo osje\u0107aji, to nisu samo rije\u010di, pokreti, trenutci, radnje. Ljubav je vi\u0161e od nas samih. To [&hellip;]<\/p>\n","protected":false},"featured_media":222,"comment_status":"open","ping_status":"closed","template":"","meta":[],"product_brand":[],"product_cat":[21,28],"product_tag":[],"class_list":{"0":"post-221","1":"product","2":"type-product","3":"status-publish","4":"has-post-thumbnail","6":"product_cat-pdf-knjige","7":"product_cat-sve-knjige","9":"first","10":"instock","11":"virtual","12":"taxable","13":"purchasable","14":"product-type-simple"},"_links":{"self":[{"href":"https:\/\/blupapsjourney.hr\/index.php?rest_route=\/wp\/v2\/product\/221","targetHints":{"allow":["GET"]}}],"collection":[{"href":"https:\/\/blupapsjourney.hr\/index.php?rest_route=\/wp\/v2\/product"}],"about":[{"href":"https:\/\/blupapsjourney.hr\/index.php?rest_route=\/wp\/v2\/types\/product"}],"replies":[{"embeddable":true,"href":"https:\/\/blupapsjourney.hr\/index.php?rest_route=%2Fwp%2Fv2%2Fcomments&post=221"}],"wp:featuredmedia":[{"embeddable":true,"href":"https:\/\/blupapsjourney.hr\/index.php?rest_route=\/wp\/v2\/media\/222"}],"wp:attachment":[{"href":"https:\/\/blupapsjourney.hr\/index.php?rest_route=%2Fwp%2Fv2%2Fmedia&parent=221"}],"wp:term":[{"taxonomy":"product_brand","embeddable":true,"href":"https:\/\/blupapsjourney.hr\/index.php?rest_route=%2Fwp%2Fv2%2Fproduct_brand&post=221"},{"taxonomy":"product_cat","embeddable":true,"href":"https:\/\/blupapsjourney.hr\/index.php?rest_route=%2Fwp%2Fv2%2Fproduct_cat&post=221"},{"taxonomy":"product_tag","embeddable":true,"href":"https:\/\/blupapsjourney.hr\/index.php?rest_route=%2Fwp%2Fv2%2Fproduct_tag&post=221"}],"curies":[{"name":"wp","href":"https:\/\/api.w.org\/{rel}","templated":true}]}}