{"id":223,"date":"2025-02-28T18:35:02","date_gmt":"2025-02-28T18:35:02","guid":{"rendered":"https:\/\/blupapsjourney.hr\/?post_type=product&#038;p=223"},"modified":"2025-03-15T12:19:38","modified_gmt":"2025-03-15T12:19:38","slug":"o-vjecnoj-ljubavi","status":"publish","type":"product","link":"https:\/\/blupapsjourney.hr\/?product=o-vjecnoj-ljubavi","title":{"rendered":"O VJE\u010cNOJ LJUBAVI"},"content":{"rendered":"<p>Posljednja zbirka kratkih pri\u010da u trilogiji Za tebe. Zbirka kratkih pri\u010da koja govori o ljubavi koja nije bila mogu\u0107e. Ljubavi za koju jednostavno nije bilo pravo vrijeme. Zbirka koja postavlja pitanje kako prije\u0107i preko ljubavi, preko koje se ne mo\u017ee prije\u0107i. Kako zaboraviti, kada ne mo\u017ee\u0161 zaboraviti? Pri\u010de koje otkrivaju preveliku bol, ali i ljubav.<\/p>\n","protected":false},"excerpt":{"rendered":"<p>Posljednja zbirka kratkih pri\u010da u trilogiji Za tebe. Zbirka kratkih pri\u010da koja govori o ljubavi koja nije bila mogu\u0107e. Ljubavi za koju jednostavno nije bilo pravo vrijeme. Zbirka koja postavlja pitanje kako prije\u0107i preko ljubavi, preko koje se ne mo\u017ee prije\u0107i. Kako zaboraviti, kada ne mo\u017ee\u0161 zaboraviti? Pri\u010de koje otkrivaju preveliku bol, ali i ljubav.<\/p>\n","protected":false},"featured_media":224,"comment_status":"open","ping_status":"closed","template":"","meta":[],"product_brand":[],"product_cat":[21,28],"product_tag":[],"class_list":{"0":"post-223","1":"product","2":"type-product","3":"status-publish","4":"has-post-thumbnail","6":"product_cat-pdf-knjige","7":"product_cat-sve-knjige","9":"first","10":"instock","11":"virtual","12":"taxable","13":"purchasable","14":"product-type-simple"},"_links":{"self":[{"href":"https:\/\/blupapsjourney.hr\/index.php?rest_route=\/wp\/v2\/product\/223","targetHints":{"allow":["GET"]}}],"collection":[{"href":"https:\/\/blupapsjourney.hr\/index.php?rest_route=\/wp\/v2\/product"}],"about":[{"href":"https:\/\/blupapsjourney.hr\/index.php?rest_route=\/wp\/v2\/types\/product"}],"replies":[{"embeddable":true,"href":"https:\/\/blupapsjourney.hr\/index.php?rest_route=%2Fwp%2Fv2%2Fcomments&post=223"}],"wp:featuredmedia":[{"embeddable":true,"href":"https:\/\/blupapsjourney.hr\/index.php?rest_route=\/wp\/v2\/media\/224"}],"wp:attachment":[{"href":"https:\/\/blupapsjourney.hr\/index.php?rest_route=%2Fwp%2Fv2%2Fmedia&parent=223"}],"wp:term":[{"taxonomy":"product_brand","embeddable":true,"href":"https:\/\/blupapsjourney.hr\/index.php?rest_route=%2Fwp%2Fv2%2Fproduct_brand&post=223"},{"taxonomy":"product_cat","embeddable":true,"href":"https:\/\/blupapsjourney.hr\/index.php?rest_route=%2Fwp%2Fv2%2Fproduct_cat&post=223"},{"taxonomy":"product_tag","embeddable":true,"href":"https:\/\/blupapsjourney.hr\/index.php?rest_route=%2Fwp%2Fv2%2Fproduct_tag&post=223"}],"curies":[{"name":"wp","href":"https:\/\/api.w.org\/{rel}","templated":true}]}}